{"id":2,"date":"2021-02-24T15:37:06","date_gmt":"2021-02-24T15:37:06","guid":{"rendered":"http:\/\/xn--betnkninger-c9a.dk\/?page_id=2"},"modified":"2021-02-26T14:15:54","modified_gmt":"2021-02-26T14:15:54","slug":"sample-page","status":"publish","type":"page","link":"https:\/\/xn--betnkninger-c9a.dk\/","title":{"rendered":"Hvordan benytter jeg Synopsis?"},"content":{"rendered":"\n<h2 class=\"wp-block-heading\"><strong>Hvordan benytter jeg Synopsis?<\/strong><\/h2>\n\n\n\n<p>Synopsis er s\u00e5 let at benytte som muligt. Som det fremg\u00e5r af forsiden er Synopsis inddelt systematisk i 47 hovedemner, som er ordnet alfabetisk. Klik p\u00e5 et emne eller brug s\u00f8gefunktionen, og lynhurtigt f\u00e5r du et overblik over al nyere litteratur og den nyeste praksis inden for emnet.<\/p>\n\n\n\n<p>De registrerede brugere af Synopsis har adgang til en elektronisk\u00a0<a href=\"https:\/\/www.themis.dk\/synopsis\/Formularsamling.html\">formularsamling<\/a>\u00a0med formularer og tjeklister prim\u00e6rt inden for familie- og arveret. Formularerne kan med et enkelt musetryk downloades i word- eller excel-format.<\/p>\n","protected":false},"excerpt":{"rendered":"<p>Hvordan benytter jeg Synopsis? Synopsis er s\u00e5 let at benytte som muligt. Som det fremg\u00e5r af forsiden er Synopsis inddelt systematisk i 47 hovedemner, som er ordnet alfabetisk. Klik p\u00e5 et emne eller brug s\u00f8gefunktionen, og lynhurtigt f\u00e5r du et overblik over al nyere litteratur og den nyeste praksis inden for emnet. De registrerede brugere <a class=\"read-more\" href=\"https:\/\/xn--betnkninger-c9a.dk\/\">0<\/a><\/p>\n","protected":false},"author":1,"featured_media":0,"parent":0,"menu_order":0,"comment_status":"closed","ping_status":"open","template":"","meta":{"footnotes":""},"class_list":["post-2","page","type-page","status-publish","hentry"],"_links":{"self":[{"href":"https:\/\/xn--betnkninger-c9a.dk\/index.php\/wp-json\/wp\/v2\/pages\/2","targetHints":{"allow":["GET"]}}],"collection":[{"href":"https:\/\/xn--betnkninger-c9a.dk\/index.php\/wp-json\/wp\/v2\/pages"}],"about":[{"href":"https:\/\/xn--betnkninger-c9a.dk\/index.php\/wp-json\/wp\/v2\/types\/page"}],"author":[{"embeddable":true,"href":"https:\/\/xn--betnkninger-c9a.dk\/index.php\/wp-json\/wp\/v2\/users\/1"}],"replies":[{"embeddable":true,"href":"https:\/\/xn--betnkninger-c9a.dk\/index.php\/wp-json\/wp\/v2\/comments?post=2"}],"version-history":[{"count":3,"href":"https:\/\/xn--betnkninger-c9a.dk\/index.php\/wp-json\/wp\/v2\/pages\/2\/revisions"}],"predecessor-version":[{"id":1715,"href":"https:\/\/xn--betnkninger-c9a.dk\/index.php\/wp-json\/wp\/v2\/pages\/2\/revisions\/1715"}],"wp:attachment":[{"href":"https:\/\/xn--betnkninger-c9a.dk\/index.php\/wp-json\/wp\/v2\/media?parent=2"}],"curies":[{"name":"wp","href":"https:\/\/api.w.org\/{rel}","templated":true}]}}